{"id":99,"date":"2026-01-13T21:37:14","date_gmt":"2026-01-13T21:37:14","guid":{"rendered":"https:\/\/houseboat-koszarka.pl\/?page_id=99"},"modified":"2026-01-17T16:55:55","modified_gmt":"2026-01-17T16:55:55","slug":"projekty-unijne","status":"publish","type":"page","link":"https:\/\/houseboat-koszarka.pl\/?page_id=99","title":{"rendered":"Projekty unijne"},"content":{"rendered":"\t\t<div data-elementor-type=\"wp-page\" data-elementor-id=\"99\" class=\"elementor elementor-99\" data-elementor-post-type=\"page\">\n\t\t\t\t<div class=\"elementor-element elementor-element-80bbdef e-flex e-con-boxed e-con e-parent\" data-id=\"80bbdef\" data-element_type=\"container\" data-settings=\"{&quot;background_background&quot;:&quot;classic&quot;,&quot;sticky&quot;:&quot;top&quot;,&quot;sticky_on&quot;:[&quot;desktop&quot;,&quot;tablet&quot;,&quot;mobile&quot;],&quot;sticky_offset&quot;:0,&quot;sticky_effects_offset&quot;:0,&quot;sticky_anchor_link_offset&quot;:0}\">\n\t\t\t\t\t<div class=\"e-con-inner\">\n\t\t\t\t<div class=\"elementor-element elementor-element-8a1b64b elementor-invisible elementor-widget elementor-widget-heading\" data-id=\"8a1b64b\" data-element_type=\"widget\" data-settings=\"{&quot;_animation&quot;:&quot;fadeIn&quot;,&quot;_animation_delay&quot;:200}\" data-widget_type=\"heading.default\">\n\t\t\t\t\t<p class=\"elementor-heading-title elementor-size-default\">Adres: August\u00f3w 16-300, ul. Zarzecze 5 <\/p>\t\t\t\t<\/div>\n\t\t\t\t<div class=\"elementor-element elementor-element-efd577c elementor-nav-menu--dropdown-tablet elementor-nav-menu__text-align-aside elementor-nav-menu--toggle elementor-nav-menu--burger elementor-widget elementor-widget-nav-menu\" data-id=\"efd577c\" data-element_type=\"widget\" data-settings=\"{&quot;layout&quot;:&quot;horizontal&quot;,&quot;submenu_icon&quot;:{&quot;value&quot;:&quot;&lt;svg aria-hidden=\\&quot;true\\&quot; class=\\&quot;e-font-icon-svg e-fas-caret-down\\&quot; viewBox=\\&quot;0 0 320 512\\&quot; xmlns=\\&quot;http:\\\/\\\/www.w3.org\\\/2000\\\/svg\\&quot;&gt;&lt;path d=\\&quot;M31.3 192h257.3c17.8 0 26.7 21.5 14.1 34.1L174.1 354.8c-7.8 7.8-20.5 7.8-28.3 0L17.2 226.1C4.6 213.5 13.5 192 31.3 192z\\&quot;&gt;&lt;\\\/path&gt;&lt;\\\/svg&gt;&quot;,&quot;library&quot;:&quot;fa-solid&quot;},&quot;toggle&quot;:&quot;burger&quot;}\" data-widget_type=\"nav-menu.default\">\n\t\t\t\t\t\t\t\t<nav aria-label=\"Menu\" class=\"elementor-nav-menu--main elementor-nav-menu__container elementor-nav-menu--layout-horizontal e--pointer-underline e--animation-fade\">\n\t\t\t\t<ul id=\"menu-1-efd577c\" class=\"elementor-nav-menu\"><li class=\"menu-item menu-item-type-post_type menu-item-object-page menu-item-home menu-item-81\"><a href=\"https:\/\/houseboat-koszarka.pl\/\" class=\"elementor-item\">Strona g\u0142\u00f3wna<\/a><\/li>\n<li class=\"menu-item menu-item-type-post_type menu-item-object-page menu-item-95\"><a href=\"https:\/\/houseboat-koszarka.pl\/?page_id=66\" class=\"elementor-item\">Formularz rezerwacji<\/a><\/li>\n<li class=\"menu-item menu-item-type-post_type menu-item-object-page menu-item-72\"><a href=\"https:\/\/houseboat-koszarka.pl\/?page_id=42\" class=\"elementor-item\">Cennik<\/a><\/li>\n<li class=\"menu-item menu-item-type-post_type menu-item-object-page menu-item-113\"><a href=\"https:\/\/houseboat-koszarka.pl\/?page_id=92\" class=\"elementor-item\">Dane techniczne<\/a><\/li>\n<li class=\"menu-item menu-item-type-post_type menu-item-object-page menu-item-112\"><a href=\"https:\/\/houseboat-koszarka.pl\/?page_id=99\" class=\"elementor-item\">Projekty unijne<\/a><\/li>\n<\/ul>\t\t\t<\/nav>\n\t\t\t\t\t<div class=\"elementor-menu-toggle\" role=\"button\" tabindex=\"0\" aria-label=\"Menu Toggle\" aria-expanded=\"false\">\n\t\t\t<svg aria-hidden=\"true\" role=\"presentation\" class=\"elementor-menu-toggle__icon--open e-font-icon-svg e-eicon-menu-bar\" viewBox=\"0 0 1000 1000\" xmlns=\"http:\/\/www.w3.org\/2000\/svg\"><path d=\"M104 333H896C929 333 958 304 958 271S929 208 896 208H104C71 208 42 237 42 271S71 333 104 333ZM104 583H896C929 583 958 554 958 521S929 458 896 458H104C71 458 42 487 42 521S71 583 104 583ZM104 833H896C929 833 958 804 958 771S929 708 896 708H104C71 708 42 737 42 771S71 833 104 833Z\"><\/path><\/svg><svg aria-hidden=\"true\" role=\"presentation\" class=\"elementor-menu-toggle__icon--close e-font-icon-svg e-eicon-close\" viewBox=\"0 0 1000 1000\" xmlns=\"http:\/\/www.w3.org\/2000\/svg\"><path d=\"M742 167L500 408 258 167C246 154 233 150 217 150 196 150 179 158 167 167 154 179 150 196 150 212 150 229 154 242 171 254L408 500 167 742C138 771 138 800 167 829 196 858 225 858 254 829L496 587 738 829C750 842 767 846 783 846 800 846 817 842 829 829 842 817 846 804 846 783 846 767 842 750 829 737L588 500 833 258C863 229 863 200 833 171 804 137 775 137 742 167Z\"><\/path><\/svg>\t\t<\/div>\n\t\t\t\t\t<nav class=\"elementor-nav-menu--dropdown elementor-nav-menu__container\" aria-hidden=\"true\">\n\t\t\t\t<ul id=\"menu-2-efd577c\" class=\"elementor-nav-menu\"><li class=\"menu-item menu-item-type-post_type menu-item-object-page menu-item-home menu-item-81\"><a href=\"https:\/\/houseboat-koszarka.pl\/\" class=\"elementor-item\" tabindex=\"-1\">Strona g\u0142\u00f3wna<\/a><\/li>\n<li class=\"menu-item menu-item-type-post_type menu-item-object-page menu-item-95\"><a href=\"https:\/\/houseboat-koszarka.pl\/?page_id=66\" class=\"elementor-item\" tabindex=\"-1\">Formularz rezerwacji<\/a><\/li>\n<li class=\"menu-item menu-item-type-post_type menu-item-object-page menu-item-72\"><a href=\"https:\/\/houseboat-koszarka.pl\/?page_id=42\" class=\"elementor-item\" tabindex=\"-1\">Cennik<\/a><\/li>\n<li class=\"menu-item menu-item-type-post_type menu-item-object-page menu-item-113\"><a href=\"https:\/\/houseboat-koszarka.pl\/?page_id=92\" class=\"elementor-item\" tabindex=\"-1\">Dane techniczne<\/a><\/li>\n<li class=\"menu-item menu-item-type-post_type menu-item-object-page menu-item-112\"><a href=\"https:\/\/houseboat-koszarka.pl\/?page_id=99\" class=\"elementor-item\" tabindex=\"-1\">Projekty unijne<\/a><\/li>\n<\/ul>\t\t\t<\/nav>\n\t\t\t\t\t\t<\/div>\n\t\t\t\t<div class=\"elementor-element elementor-element-55218e6 elementor-align-end elementor-mobile-align-center elementor-icon-list--layout-traditional elementor-list-item-link-full_width elementor-invisible elementor-widget elementor-widget-icon-list\" data-id=\"55218e6\" data-element_type=\"widget\" data-settings=\"{&quot;_animation&quot;:&quot;fadeIn&quot;,&quot;_animation_delay&quot;:200}\" data-widget_type=\"icon-list.default\">\n\t\t\t\t\t\t\t<ul class=\"elementor-icon-list-items\">\n\t\t\t\t\t\t\t<li class=\"elementor-icon-list-item\">\n\t\t\t\t\t\t\t\t\t\t\t<a href=\"tel:123-456-7890\">\n\n\t\t\t\t\t\t\t\t\t\t\t\t<span class=\"elementor-icon-list-icon\">\n\t\t\t\t\t\t\t<svg aria-hidden=\"true\" class=\"e-font-icon-svg e-fas-phone-alt\" viewBox=\"0 0 512 512\" xmlns=\"http:\/\/www.w3.org\/2000\/svg\"><path d=\"M497.39 361.8l-112-48a24 24 0 0 0-28 6.9l-49.6 60.6A370.66 370.66 0 0 1 130.6 204.11l60.6-49.6a23.94 23.94 0 0 0 6.9-28l-48-112A24.16 24.16 0 0 0 122.6.61l-104 24A24 24 0 0 0 0 48c0 256.5 207.9 464 464 464a24 24 0 0 0 23.4-18.6l24-104a24.29 24.29 0 0 0-14.01-27.6z\"><\/path><\/svg>\t\t\t\t\t\t<\/span>\n\t\t\t\t\t\t\t\t\t\t<span class=\"elementor-icon-list-text\">+48 607 168 160<\/span>\n\t\t\t\t\t\t\t\t\t\t\t<\/a>\n\t\t\t\t\t\t\t\t\t<\/li>\n\t\t\t\t\t\t<\/ul>\n\t\t\t\t\t\t<\/div>\n\t\t\t\t<div class=\"elementor-element elementor-element-2796c33 elementor-widget__width-initial elementor-widget elementor-widget-wp-widget-gtranslate\" data-id=\"2796c33\" data-element_type=\"widget\" data-widget_type=\"wp-widget-gtranslate.default\">\n\t\t\t\t<div class=\"elementor-widget-container\">\n\t\t\t\t\t<div class=\"gtranslate_wrapper\" id=\"gt-wrapper-69699332\"><\/div>\t\t\t\t<\/div>\n\t\t\t\t<\/div>\n\t\t\t\t\t<\/div>\n\t\t\t\t<\/div>\n\t\t<div class=\"elementor-element elementor-element-545ba65 e-flex e-con-boxed e-con e-parent\" data-id=\"545ba65\" data-element_type=\"container\">\n\t\t\t\t\t<div class=\"e-con-inner\">\n\t\t\t\t<div class=\"elementor-element elementor-element-517ce0b elementor-widget elementor-widget-spacer\" data-id=\"517ce0b\" data-element_type=\"widget\" data-widget_type=\"spacer.default\">\n\t\t\t\t\t\t\t<div class=\"elementor-spacer\">\n\t\t\t<div class=\"elementor-spacer-inner\"><\/div>\n\t\t<\/div>\n\t\t\t\t\t\t<\/div>\n\t\t\t\t\t<\/div>\n\t\t\t\t<\/div>\n\t\t<div class=\"elementor-element elementor-element-3300c83 e-flex e-con-boxed e-con e-parent\" data-id=\"3300c83\" data-element_type=\"container\" data-settings=\"{&quot;background_background&quot;:&quot;classic&quot;}\">\n\t\t\t\t\t<div class=\"e-con-inner\">\n\t\t\t\t<div class=\"elementor-element elementor-element-6faf141 elementor-widget elementor-widget-image\" data-id=\"6faf141\" data-element_type=\"widget\" data-widget_type=\"image.default\">\n\t\t\t\t\t\t\t\t\t\t\t\t\t\t\t<img fetchpriority=\"high\" decoding=\"async\" width=\"2560\" height=\"311\" src=\"http:\/\/houseboat-koszarka.pl\/wp-content\/uploads\/2025\/12\/Zrzut-ekranu-2025-12-28-o-21.56.29-scaled.png\" class=\"attachment-full size-full wp-image-22\" alt=\"\" srcset=\"http:\/\/houseboat-koszarka.pl\/wp-content\/uploads\/2025\/12\/Zrzut-ekranu-2025-12-28-o-21.56.29-scaled.png 2560w, http:\/\/houseboat-koszarka.pl\/wp-content\/uploads\/2025\/12\/Zrzut-ekranu-2025-12-28-o-21.56.29-300x36.png 300w, http:\/\/houseboat-koszarka.pl\/wp-content\/uploads\/2025\/12\/Zrzut-ekranu-2025-12-28-o-21.56.29-1024x124.png 1024w, http:\/\/houseboat-koszarka.pl\/wp-content\/uploads\/2025\/12\/Zrzut-ekranu-2025-12-28-o-21.56.29-768x93.png 768w, http:\/\/houseboat-koszarka.pl\/wp-content\/uploads\/2025\/12\/Zrzut-ekranu-2025-12-28-o-21.56.29-1536x187.png 1536w, http:\/\/houseboat-koszarka.pl\/wp-content\/uploads\/2025\/12\/Zrzut-ekranu-2025-12-28-o-21.56.29-2048x249.png 2048w\" sizes=\"(max-width: 2560px) 100vw, 2560px\" \/>\t\t\t\t\t\t\t\t\t\t\t\t\t\t\t<\/div>\n\t\t\t\t\t<\/div>\n\t\t\t\t<\/div>\n\t\t<div class=\"elementor-element elementor-element-952e740 e-flex e-con-boxed e-con e-parent\" data-id=\"952e740\" data-element_type=\"container\">\n\t\t\t\t\t<div class=\"e-con-inner\">\n\t\t\t\t<div class=\"elementor-element elementor-element-7221746 elementor-widget elementor-widget-spacer\" data-id=\"7221746\" data-element_type=\"widget\" data-widget_type=\"spacer.default\">\n\t\t\t\t\t\t\t<div class=\"elementor-spacer\">\n\t\t\t<div class=\"elementor-spacer-inner\"><\/div>\n\t\t<\/div>\n\t\t\t\t\t\t<\/div>\n\t\t\t\t\t<\/div>\n\t\t\t\t<\/div>\n\t\t<div class=\"elementor-element elementor-element-8558cfb e-flex e-con-boxed e-con e-parent\" data-id=\"8558cfb\" data-element_type=\"container\">\n\t\t\t\t\t<div class=\"e-con-inner\">\n\t\t\t\t<div class=\"elementor-element elementor-element-2b9771d animated-slow elementor-invisible elementor-widget elementor-widget-heading\" data-id=\"2b9771d\" data-element_type=\"widget\" data-settings=\"{&quot;_animation&quot;:&quot;fadeIn&quot;}\" data-widget_type=\"heading.default\">\n\t\t\t\t\t<h2 class=\"elementor-heading-title elementor-size-default\">Projekty Unijne<\/h2>\t\t\t\t<\/div>\n\t\t\t\t\t<\/div>\n\t\t\t\t<\/div>\n\t\t<div class=\"elementor-element elementor-element-afad06b e-flex e-con-boxed e-con e-parent\" data-id=\"afad06b\" data-element_type=\"container\">\n\t\t\t\t\t<div class=\"e-con-inner\">\n\t\t\t\t<div class=\"elementor-element elementor-element-a2a2fc7 elementor-widget-divider--view-line elementor-widget elementor-widget-divider\" data-id=\"a2a2fc7\" data-element_type=\"widget\" data-widget_type=\"divider.default\">\n\t\t\t\t\t\t\t<div class=\"elementor-divider\">\n\t\t\t<span class=\"elementor-divider-separator\">\n\t\t\t\t\t\t<\/span>\n\t\t<\/div>\n\t\t\t\t\t\t<\/div>\n\t\t\t\t\t<\/div>\n\t\t\t\t<\/div>\n\t\t<div class=\"elementor-element elementor-element-a500a25 e-flex e-con-boxed e-con e-parent\" data-id=\"a500a25\" data-element_type=\"container\">\n\t\t\t\t\t<div class=\"e-con-inner\">\n\t\t\t\t<div class=\"elementor-element elementor-element-50824ab elementor-align-center elementor-icon-list--layout-traditional elementor-list-item-link-full_width elementor-widget elementor-widget-icon-list\" data-id=\"50824ab\" data-element_type=\"widget\" data-widget_type=\"icon-list.default\">\n\t\t\t\t\t\t\t<ul class=\"elementor-icon-list-items\">\n\t\t\t\t\t\t\t<li class=\"elementor-icon-list-item\">\n\t\t\t\t\t\t\t\t\t\t<span class=\"elementor-icon-list-text\">Dywersyfikacj\u0105 dzia\u0142alno\u015bci poprzez turystyk\u0119 wodn\u0105 - projekt z dofinansowaniem KPO. Projekt polega na uruchomieniu us\u0142ugi wynajmu Houseboata w porcie w w miejscowo\u015bci August\u00f3w, w gminie August\u00f3w, w powiecie augustowskim, w wojew\u00f3dztwie podlaskim. <br><br>Celem jest dywersyfikacja dzia\u0142alno\u015bci firmy po spadkach przychod\u00f3w w czasie pandemii COVID-19, poprzez stworzenie bezpiecznej, sezonowej oferty turystyczno-rekreacyjnej.  Us\u0142uga skierowana b\u0119dzie do klient\u00f3w indywidualnych, w tym rodzin z dzie\u0107mi i os\u00f3b z niepe\u0142nosprawno\u015bciami. \u0141\u00f3d\u017a zostanie wyposa\u017cona w udogodnienia dla tych grup oraz instalacje fotowoltaiczne. <br><br>Rezerwacje i p\u0142atno\u015bci odbywa\u0107 si\u0119 b\u0119d\u0105 online, a dla klient\u00f3w przygotowane zostan\u0105 przyk\u0142adowe trasy rejs\u00f3w.  Ca\u0142kowity koszt projektu to 720 534,00 z\u0142, z czego 529 470,22 z\u0142 stanowi dofinansowanie z UE. Efektem b\u0119dzie nowa, atrakcyjna oferta turystyczna, zwi\u0119kszaj\u0105ca konkurencyjno\u015b\u0107 firmy.<\/span>\n\t\t\t\t\t\t\t\t\t<\/li>\n\t\t\t\t\t\t<\/ul>\n\t\t\t\t\t\t<\/div>\n\t\t\t\t\t<\/div>\n\t\t\t\t<\/div>\n\t\t<div class=\"elementor-element elementor-element-2033d66 e-flex e-con-boxed e-con e-parent\" data-id=\"2033d66\" data-element_type=\"container\">\n\t\t\t\t\t<div class=\"e-con-inner\">\n\t\t\t\t<div class=\"elementor-element elementor-element-e28a216 elementor-widget elementor-widget-spacer\" data-id=\"e28a216\" data-element_type=\"widget\" data-widget_type=\"spacer.default\">\n\t\t\t\t\t\t\t<div class=\"elementor-spacer\">\n\t\t\t<div class=\"elementor-spacer-inner\"><\/div>\n\t\t<\/div>\n\t\t\t\t\t\t<\/div>\n\t\t\t\t\t<\/div>\n\t\t\t\t<\/div>\n\t\t<div class=\"elementor-element elementor-element-3711a44 e-flex e-con-boxed e-con e-parent\" data-id=\"3711a44\" data-element_type=\"container\">\n\t\t\t\t\t<div class=\"e-con-inner\">\n\t\t\t\t<div class=\"elementor-element elementor-element-918143b animated-slow elementor-invisible elementor-widget elementor-widget-heading\" data-id=\"918143b\" data-element_type=\"widget\" data-settings=\"{&quot;_animation&quot;:&quot;fadeIn&quot;}\" data-widget_type=\"heading.default\">\n\t\t\t\t\t<h2 class=\"elementor-heading-title elementor-size-default\">Gdzie stacjonuje nasz Houseboat?<\/h2>\t\t\t\t<\/div>\n\t\t\t\t<div class=\"elementor-element elementor-element-96394c6 elementor-widget elementor-widget-google_maps\" data-id=\"96394c6\" data-element_type=\"widget\" data-widget_type=\"google_maps.default\">\n\t\t\t\t\t\t\t<div class=\"elementor-custom-embed\">\n\t\t\t<iframe loading=\"lazy\"\n\t\t\t\t\tsrc=\"https:\/\/maps.google.com\/maps?q=August%C3%B3w%20Zarzecze%205&#038;t=m&#038;z=10&#038;output=embed&#038;iwloc=near\"\n\t\t\t\t\ttitle=\"August\u00f3w Zarzecze 5\"\n\t\t\t\t\taria-label=\"August\u00f3w Zarzecze 5\"\n\t\t\t><\/iframe>\n\t\t<\/div>\n\t\t\t\t\t\t<\/div>\n\t\t\t\t\t<\/div>\n\t\t\t\t<\/div>\n\t\t\t\t<\/div>\n\t\t","protected":false},"excerpt":{"rendered":"<p>Adres: August\u00f3w 16-300, ul. Zarzecze 5 +48 607 168 160 Projekty Unijne Dywersyfikacj\u0105 dzia\u0142alno\u015bci poprzez turystyk\u0119 wodn\u0105 &#8211; projekt z dofinansowaniem KPO. Projekt polega na uruchomieniu us\u0142ugi wynajmu Houseboata w porcie w w miejscowo\u015bci August\u00f3w, w gminie August\u00f3w, w powiecie augustowskim, w wojew\u00f3dztwie podlaskim. Celem jest dywersyfikacja dzia\u0142alno\u015bci firmy po spadkach przychod\u00f3w w czasie pandemii [&hellip;]<\/p>\n","protected":false},"author":1,"featured_media":0,"parent":0,"menu_order":0,"comment_status":"closed","ping_status":"closed","template":"elementor_canvas","meta":{"om_disable_all_campaigns":false,"_monsterinsights_skip_tracking":false,"_monsterinsights_sitenote_active":false,"_monsterinsights_sitenote_note":"","_monsterinsights_sitenote_category":0,"footnotes":""},"class_list":["post-99","page","type-page","status-publish","hentry"],"aioseo_notices":[],"_links":{"self":[{"href":"https:\/\/houseboat-koszarka.pl\/index.php?rest_route=\/wp\/v2\/pages\/99","targetHints":{"allow":["GET"]}}],"collection":[{"href":"https:\/\/houseboat-koszarka.pl\/index.php?rest_route=\/wp\/v2\/pages"}],"about":[{"href":"https:\/\/houseboat-koszarka.pl\/index.php?rest_route=\/wp\/v2\/types\/page"}],"author":[{"embeddable":true,"href":"https:\/\/houseboat-koszarka.pl\/index.php?rest_route=\/wp\/v2\/users\/1"}],"replies":[{"embeddable":true,"href":"https:\/\/houseboat-koszarka.pl\/index.php?rest_route=%2Fwp%2Fv2%2Fcomments&post=99"}],"version-history":[{"count":16,"href":"https:\/\/houseboat-koszarka.pl\/index.php?rest_route=\/wp\/v2\/pages\/99\/revisions"}],"predecessor-version":[{"id":236,"href":"https:\/\/houseboat-koszarka.pl\/index.php?rest_route=\/wp\/v2\/pages\/99\/revisions\/236"}],"wp:attachment":[{"href":"https:\/\/houseboat-koszarka.pl\/index.php?rest_route=%2Fwp%2Fv2%2Fmedia&parent=99"}],"curies":[{"name":"wp","href":"https:\/\/api.w.org\/{rel}","templated":true}]}}